{"id":2035,"date":"2024-12-10T17:39:08","date_gmt":"2024-12-10T16:39:08","guid":{"rendered":"https:\/\/www.mediachrist.net\/?page_id=2035"},"modified":"2025-01-21T08:28:56","modified_gmt":"2025-01-21T07:28:56","slug":"archives","status":"publish","type":"page","link":"https:\/\/mediachrist.net\/index.php\/ressources\/archives\/","title":{"rendered":"Archives"},"content":{"rendered":"\t\t<div data-elementor-type=\"wp-page\" data-elementor-id=\"2035\" class=\"elementor elementor-2035\">\n\t\t\t\t<div class=\"elementor-element elementor-element-3105162a e-flex e-con-boxed wpr-particle-no wpr-jarallax-no wpr-parallax-no wpr-sticky-section-no wpr-equal-height-no e-con e-parent\" data-id=\"3105162a\" data-element_type=\"container\" data-e-type=\"container\" data-settings=\"{&quot;background_background&quot;:&quot;classic&quot;}\">\n\t\t\t\t\t<div class=\"e-con-inner\">\n\t\t\t\t<div class=\"elementor-element elementor-element-d2a378b elementor-widget__width-initial elementor-widget-mobile__width-inherit elementor-widget elementor-widget-heading\" data-id=\"d2a378b\" data-element_type=\"widget\" data-e-type=\"widget\" data-widget_type=\"heading.default\">\n\t\t\t\t<div class=\"elementor-widget-container\">\n\t\t\t\t\t<h2 class=\"elementor-heading-title elementor-size-default\">ARCHIVES<\/h2>\t\t\t\t<\/div>\n\t\t\t\t<\/div>\n\t\t\t\t\t<\/div>\n\t\t\t\t<\/div>\n\t\t\t\t<section class=\"elementor-section elementor-top-section elementor-element elementor-element-cd342af elementor-section-boxed elementor-section-height-default elementor-section-height-default wpr-particle-no wpr-jarallax-no wpr-parallax-no wpr-sticky-section-no wpr-equal-height-no\" data-id=\"cd342af\" data-element_type=\"section\" data-e-type=\"section\">\n\t\t\t\t\t\t<div class=\"elementor-container elementor-column-gap-default\">\n\t\t\t\t\t<div class=\"elementor-column elementor-col-100 elementor-top-column elementor-element elementor-element-275215e\" data-id=\"275215e\" data-element_type=\"column\" data-e-type=\"column\">\n\t\t\t<div class=\"elementor-widget-wrap elementor-element-populated\">\n\t\t\t\t\t\t<div class=\"elementor-element elementor-element-945a2e3 elementor-widget elementor-widget-elementskit-heading\" data-id=\"945a2e3\" data-element_type=\"widget\" data-e-type=\"widget\" data-widget_type=\"elementskit-heading.default\">\n\t\t\t\t<div class=\"elementor-widget-container\">\n\t\t\t\t\t<div class=\"ekit-wid-con\" ><div class=\"ekit-heading elementskit-section-title-wraper center   ekit_heading_tablet-   ekit_heading_mobile-\"><h2 class=\"ekit-heading--title elementskit-section-title \">Des ressources en abondance<\/h2><div class=\"ekit_heading_separetor_wraper ekit_heading_elementskit-border-divider ekit-dotted\"><div class=\"elementskit-border-divider ekit-dotted\"><\/div><\/div>\t\t\t\t<div class='ekit-heading__description'>\n\t\t\t\t\t<p><span style=\"font-weight: 400\">Les archives de nos \u00e9missions radio \"Lumi\u00e8res sur le Chemin\", de notre magazine \"Amiti\u00e9s Luth\u00e9riennes\", et de nos brochures sont \u00e0 votre disposition<\/span><\/p>\n\t\t\t\t<\/div>\n\t\t\t<\/div><\/div>\t\t\t\t<\/div>\n\t\t\t\t<\/div>\n\t\t\t\t<section class=\"elementor-section elementor-inner-section elementor-element elementor-element-96b8d84 elementor-section-boxed elementor-section-height-default elementor-section-height-default wpr-particle-no wpr-jarallax-no wpr-parallax-no wpr-sticky-section-no wpr-equal-height-no\" data-id=\"96b8d84\" data-element_type=\"section\" data-e-type=\"section\">\n\t\t\t\t\t\t<div class=\"elementor-container elementor-column-gap-extended\">\n\t\t\t\t\t<div class=\"elementor-column elementor-col-33 elementor-inner-column elementor-element elementor-element-76cbeee\" data-id=\"76cbeee\" data-element_type=\"column\" data-e-type=\"column\">\n\t\t\t<div class=\"elementor-widget-wrap elementor-element-populated\">\n\t\t\t\t\t\t<div class=\"elementor-element elementor-element-5619396 ekit-equal-height-enable elementor-widget elementor-widget-elementskit-icon-box\" data-id=\"5619396\" data-element_type=\"widget\" data-e-type=\"widget\" data-widget_type=\"elementskit-icon-box.default\">\n\t\t\t\t<div class=\"elementor-widget-container\">\n\t\t\t\t\t<div class=\"ekit-wid-con\" >        <!-- link opening -->\n                <!-- end link opening -->\n\n        <div class=\"elementskit-infobox text-center text- icon-top-align elementor-animation-grow   \">\n                    <div class=\"elementskit-box-header elementor-animation-\">\n                <div class=\"elementskit-info-box-icon  \">\n                    <i aria-hidden=\"true\" class=\"elementkit-infobox-icon icon icon-microphone\"><\/i>\n                <\/div>\n          <\/div>\n                        <div class=\"box-body\">\n                            <h3 class=\"elementskit-info-box-title\">\n                    Lumi\u00e8re sur le Chemin                <\/h3>\n                        \t\t  \t<p>Toutes nos \u00e9missions radio en replay<\/p>\n                                        <div class=\"box-footer disable_hover_button\">\n                    <div class=\"btn-wraper\">\n                                                            <a class=\"elementskit-btn whitespace--normal\" href=\"https:\/\/mediachrist.net\/index.php\/ressources\/archives\/lumiere-sur-le-chemin\/\">\n                                        Acc\u00e9der aux archives                                    <\/a>\n                                                        <\/div>\n                <\/div>\n                    <\/div>\n        \n        \n                <\/div>\n        <\/div>\t\t\t\t<\/div>\n\t\t\t\t<\/div>\n\t\t\t\t\t<\/div>\n\t\t<\/div>\n\t\t\t\t<div class=\"elementor-column elementor-col-33 elementor-inner-column elementor-element elementor-element-5345f8e\" data-id=\"5345f8e\" data-element_type=\"column\" data-e-type=\"column\">\n\t\t\t<div class=\"elementor-widget-wrap elementor-element-populated\">\n\t\t\t\t\t\t<div class=\"elementor-element elementor-element-409a708 ekit-equal-height-enable elementor-widget elementor-widget-elementskit-icon-box\" data-id=\"409a708\" data-element_type=\"widget\" data-e-type=\"widget\" data-widget_type=\"elementskit-icon-box.default\">\n\t\t\t\t<div class=\"elementor-widget-container\">\n\t\t\t\t\t<div class=\"ekit-wid-con\" >        <!-- link opening -->\n                <!-- end link opening -->\n\n        <div class=\"elementskit-infobox text-center text- icon-top-align elementor-animation-grow   \">\n                    <div class=\"elementskit-box-header elementor-animation-\">\n                <div class=\"elementskit-info-box-icon  \">\n                    <i aria-hidden=\"true\" class=\"elementkit-infobox-icon jki jki-book-open-solid\"><\/i>\n                <\/div>\n          <\/div>\n                        <div class=\"box-body\">\n                            <h3 class=\"elementskit-info-box-title\">\n                    Amiti\u00e9s Luth\u00e9riennes                <\/h3>\n                        \t\t  \t<p>Lisez en ligne ou t\u00e9l\u00e9chargez nos magazines <\/p>\n                                        <div class=\"box-footer disable_hover_button\">\n                    <div class=\"btn-wraper\">\n                                                            <a class=\"elementskit-btn whitespace--normal\" href=\"https:\/\/mediachrist.net\/index.php\/ressources\/archives\/amities-lutheriennes\/\">\n                                        Acc\u00e9der aux archives                                    <\/a>\n                                                        <\/div>\n                <\/div>\n                    <\/div>\n        \n        \n                <\/div>\n        <\/div>\t\t\t\t<\/div>\n\t\t\t\t<\/div>\n\t\t\t\t\t<\/div>\n\t\t<\/div>\n\t\t\t\t<div class=\"elementor-column elementor-col-33 elementor-inner-column elementor-element elementor-element-e8a967f\" data-id=\"e8a967f\" data-element_type=\"column\" data-e-type=\"column\">\n\t\t\t<div class=\"elementor-widget-wrap elementor-element-populated\">\n\t\t\t\t\t\t<div class=\"elementor-element elementor-element-4af46dc ekit-equal-height-enable elementor-widget elementor-widget-elementskit-icon-box\" data-id=\"4af46dc\" data-element_type=\"widget\" data-e-type=\"widget\" data-widget_type=\"elementskit-icon-box.default\">\n\t\t\t\t<div class=\"elementor-widget-container\">\n\t\t\t\t\t<div class=\"ekit-wid-con\" >        <!-- link opening -->\n                <!-- end link opening -->\n\n        <div class=\"elementskit-infobox text-center text- icon-top-align elementor-animation-grow   \">\n                    <div class=\"elementskit-box-header elementor-animation-\">\n                <div class=\"elementskit-info-box-icon  \">\n                    <i aria-hidden=\"true\" class=\"elementkit-infobox-icon icon icon-book\"><\/i>\n                <\/div>\n          <\/div>\n                        <div class=\"box-body\">\n                            <h3 class=\"elementskit-info-box-title\">\n                    Brochures th\u00e9matiques                <\/h3>\n                        \t\t  \t<p>Notre litt\u00e9rature sur les divers aspects de la vie<\/p>\n                                        <div class=\"box-footer disable_hover_button\">\n                    <div class=\"btn-wraper\">\n                                                            <a class=\"elementskit-btn whitespace--normal\" href=\"https:\/\/mediachrist.net\/index.php\/ressources\/archives\/brochures\/\">\n                                        Acc\u00e9der aux archives                                    <\/a>\n                                                        <\/div>\n                <\/div>\n                    <\/div>\n        \n        \n                <\/div>\n        <\/div>\t\t\t\t<\/div>\n\t\t\t\t<\/div>\n\t\t\t\t\t<\/div>\n\t\t<\/div>\n\t\t\t\t\t<\/div>\n\t\t<\/section>\n\t\t\t\t\t<\/div>\n\t\t<\/div>\n\t\t\t\t\t<\/div>\n\t\t<\/section>\n\t\t\t\t<\/div>\n\t\t","protected":false},"excerpt":{"rendered":"<p>ARCHIVES Des ressources en abondance Les archives de nos \u00e9missions radio \u00ab\u00a0Lumi\u00e8res sur le Chemin\u00a0\u00bb, de notre magazine \u00ab\u00a0Amiti\u00e9s Luth\u00e9riennes\u00a0\u00bb, et de nos brochures sont \u00e0 votre disposition Lumi\u00e8re sur le Chemin Toutes nos \u00e9missions radio en replay Acc\u00e9der aux archives Amiti\u00e9s Luth\u00e9riennes Lisez en ligne ou t\u00e9l\u00e9chargez nos magazines Acc\u00e9der aux archives Brochures th\u00e9matiques Notre litt\u00e9rature sur les divers aspects de la vie Acc\u00e9der aux archives<\/p>\n","protected":false},"author":1,"featured_media":0,"parent":604,"menu_order":0,"comment_status":"closed","ping_status":"closed","template":"","meta":{"site-sidebar-layout":"no-sidebar","site-content-layout":"","ast-site-content-layout":"full-width-container","site-content-style":"default","site-sidebar-style":"default","ast-global-header-display":"","ast-banner-title-visibility":"","ast-main-header-display":"","ast-hfb-above-header-display":"","ast-hfb-below-header-display":"","ast-hfb-mobile-header-display":"","site-post-title":"disabled","ast-breadcrumbs-content":"","ast-featured-img":"disabled","footer-sml-layout":"","ast-disable-related-posts":"","theme-transparent-header-meta":"","adv-header-id-meta":"","stick-header-meta":"","header-above-stick-meta":"","header-main-stick-meta":"","header-below-stick-meta":"","astra-migrate-meta-layouts":"default","ast-page-background-enabled":"default","ast-page-background-meta":{"desktop":{"background-color":"var(--ast-global-color-4)","background-image":"","background-repeat":"repeat","background-position":"center center","background-size":"auto","background-attachment":"scroll","background-type":"","background-media":"","overlay-type":"","overlay-color":"","overlay-opacity":"","overlay-gradient":""},"tablet":{"background-color":"","background-image":"","background-repeat":"repeat","background-position":"center center","background-size":"auto","background-attachment":"scroll","background-type":"","background-media":"","overlay-type":"","overlay-color":"","overlay-opacity":"","overlay-gradient":""},"mobile":{"background-color":"","background-image":"","background-repeat":"repeat","background-position":"center center","background-size":"auto","background-attachment":"scroll","background-type":"","background-media":"","overlay-type":"","overlay-color":"","overlay-opacity":"","overlay-gradient":""}},"ast-content-background-meta":{"desktop":{"background-color":"var(--ast-global-color-5)","background-image":"","background-repeat":"repeat","background-position":"center center","background-size":"auto","background-attachment":"scroll","background-type":"","background-media":"","overlay-type":"","overlay-color":"","overlay-opacity":"","overlay-gradient":""},"tablet":{"background-color":"var(--ast-global-color-5)","background-image":"","background-repeat":"repeat","background-position":"center center","background-size":"auto","background-attachment":"scroll","background-type":"","background-media":"","overlay-type":"","overlay-color":"","overlay-opacity":"","overlay-gradient":""},"mobile":{"background-color":"var(--ast-global-color-5)","background-image":"","background-repeat":"repeat","background-position":"center center","background-size":"auto","background-attachment":"scroll","background-type":"","background-media":"","overlay-type":"","overlay-color":"","overlay-opacity":"","overlay-gradient":""}},"footnotes":""},"class_list":["post-2035","page","type-page","status-publish","hentry"],"yoast_head":"<!-- This site is optimized with the Yoast SEO plugin v27.5 - https:\/\/yoast.com\/product\/yoast-seo-wordpress\/ -->\n<title>Archives - L&#039;Heure Luth\u00e9rienne<\/title>\n<meta name=\"description\" content=\"Archives des \u00e9missions radios, magazines et autres ressources\" \/>\n<meta name=\"robots\" content=\"index, follow, max-snippet:-1, max-image-preview:large, max-video-preview:-1\" \/>\n<link rel=\"canonical\" href=\"https:\/\/mediachrist.net\/index.php\/ressources\/archives\/\" \/>\n<meta property=\"og:locale\" content=\"fr_FR\" \/>\n<meta property=\"og:type\" content=\"article\" \/>\n<meta property=\"og:title\" content=\"Archives - L&#039;Heure Luth\u00e9rienne\" \/>\n<meta property=\"og:description\" content=\"Archives des \u00e9missions radios, magazines et autres ressources\" \/>\n<meta property=\"og:url\" content=\"https:\/\/mediachrist.net\/index.php\/ressources\/archives\/\" \/>\n<meta property=\"og:site_name\" content=\"L&#039;Heure Luth\u00e9rienne\" \/>\n<meta property=\"article:publisher\" content=\"https:\/\/www.facebook.com\/profile.php?id=100069111227754\" \/>\n<meta property=\"article:modified_time\" content=\"2025-01-21T07:28:56+00:00\" \/>\n<meta name=\"twitter:card\" content=\"summary_large_image\" \/>\n<meta name=\"twitter:label1\" content=\"Dur\u00e9e de lecture estim\u00e9e\" \/>\n\t<meta name=\"twitter:data1\" content=\"1 minute\" \/>\n<script type=\"application\/ld+json\" class=\"yoast-schema-graph\">{\"@context\":\"https:\\\/\\\/schema.org\",\"@graph\":[{\"@type\":\"WebPage\",\"@id\":\"https:\\\/\\\/mediachrist.net\\\/index.php\\\/ressources\\\/archives\\\/\",\"url\":\"https:\\\/\\\/mediachrist.net\\\/index.php\\\/ressources\\\/archives\\\/\",\"name\":\"Archives - L&#039;Heure Luth\u00e9rienne\",\"isPartOf\":{\"@id\":\"https:\\\/\\\/mediachrist.net\\\/#website\"},\"datePublished\":\"2024-12-10T16:39:08+00:00\",\"dateModified\":\"2025-01-21T07:28:56+00:00\",\"description\":\"Archives des \u00e9missions radios, magazines et autres ressources\",\"breadcrumb\":{\"@id\":\"https:\\\/\\\/mediachrist.net\\\/index.php\\\/ressources\\\/archives\\\/#breadcrumb\"},\"inLanguage\":\"fr-FR\",\"potentialAction\":[{\"@type\":\"ReadAction\",\"target\":[\"https:\\\/\\\/mediachrist.net\\\/index.php\\\/ressources\\\/archives\\\/\"]}]},{\"@type\":\"BreadcrumbList\",\"@id\":\"https:\\\/\\\/mediachrist.net\\\/index.php\\\/ressources\\\/archives\\\/#breadcrumb\",\"itemListElement\":[{\"@type\":\"ListItem\",\"position\":1,\"name\":\"Accueil\",\"item\":\"https:\\\/\\\/mediachrist.net\\\/\"},{\"@type\":\"ListItem\",\"position\":2,\"name\":\"Ressources\",\"item\":\"https:\\\/\\\/mediachrist.net\\\/index.php\\\/ressources\\\/\"},{\"@type\":\"ListItem\",\"position\":3,\"name\":\"Archives\"}]},{\"@type\":\"WebSite\",\"@id\":\"https:\\\/\\\/mediachrist.net\\\/#website\",\"url\":\"https:\\\/\\\/mediachrist.net\\\/\",\"name\":\"mediachrist\",\"description\":\"La voix num\u00e9rique du Christ aux nations\",\"publisher\":{\"@id\":\"https:\\\/\\\/mediachrist.net\\\/#organization\"},\"potentialAction\":[{\"@type\":\"SearchAction\",\"target\":{\"@type\":\"EntryPoint\",\"urlTemplate\":\"https:\\\/\\\/mediachrist.net\\\/?s={search_term_string}\"},\"query-input\":{\"@type\":\"PropertyValueSpecification\",\"valueRequired\":true,\"valueName\":\"search_term_string\"}}],\"inLanguage\":\"fr-FR\"},{\"@type\":\"Organization\",\"@id\":\"https:\\\/\\\/mediachrist.net\\\/#organization\",\"name\":\"L'Heure Luth\u00e9rienne\",\"url\":\"https:\\\/\\\/mediachrist.net\\\/\",\"logo\":{\"@type\":\"ImageObject\",\"inLanguage\":\"fr-FR\",\"@id\":\"https:\\\/\\\/mediachrist.net\\\/#\\\/schema\\\/logo\\\/image\\\/\",\"url\":\"https:\\\/\\\/mediachrist.net\\\/wp-content\\\/uploads\\\/2025\\\/01\\\/Logo-512-HL-Couleur.png\",\"contentUrl\":\"https:\\\/\\\/mediachrist.net\\\/wp-content\\\/uploads\\\/2025\\\/01\\\/Logo-512-HL-Couleur.png\",\"width\":512,\"height\":512,\"caption\":\"L'Heure Luth\u00e9rienne\"},\"image\":{\"@id\":\"https:\\\/\\\/mediachrist.net\\\/#\\\/schema\\\/logo\\\/image\\\/\"},\"sameAs\":[\"https:\\\/\\\/www.facebook.com\\\/profile.php?id=100069111227754\",\"https:\\\/\\\/www.youtube.com\\\/@lheurelutherienne\",\"https:\\\/\\\/www.instagram.com\\\/heure.lutherienne\"]}]}<\/script>\n<!-- \/ Yoast SEO plugin. -->","yoast_head_json":{"title":"Archives - L&#039;Heure Luth\u00e9rienne","description":"Archives des \u00e9missions radios, magazines et autres ressources","robots":{"index":"index","follow":"follow","max-snippet":"max-snippet:-1","max-image-preview":"max-image-preview:large","max-video-preview":"max-video-preview:-1"},"canonical":"https:\/\/mediachrist.net\/index.php\/ressources\/archives\/","og_locale":"fr_FR","og_type":"article","og_title":"Archives - L&#039;Heure Luth\u00e9rienne","og_description":"Archives des \u00e9missions radios, magazines et autres ressources","og_url":"https:\/\/mediachrist.net\/index.php\/ressources\/archives\/","og_site_name":"L&#039;Heure Luth\u00e9rienne","article_publisher":"https:\/\/www.facebook.com\/profile.php?id=100069111227754","article_modified_time":"2025-01-21T07:28:56+00:00","twitter_card":"summary_large_image","twitter_misc":{"Dur\u00e9e de lecture estim\u00e9e":"1 minute"},"schema":{"@context":"https:\/\/schema.org","@graph":[{"@type":"WebPage","@id":"https:\/\/mediachrist.net\/index.php\/ressources\/archives\/","url":"https:\/\/mediachrist.net\/index.php\/ressources\/archives\/","name":"Archives - L&#039;Heure Luth\u00e9rienne","isPartOf":{"@id":"https:\/\/mediachrist.net\/#website"},"datePublished":"2024-12-10T16:39:08+00:00","dateModified":"2025-01-21T07:28:56+00:00","description":"Archives des \u00e9missions radios, magazines et autres ressources","breadcrumb":{"@id":"https:\/\/mediachrist.net\/index.php\/ressources\/archives\/#breadcrumb"},"inLanguage":"fr-FR","potentialAction":[{"@type":"ReadAction","target":["https:\/\/mediachrist.net\/index.php\/ressources\/archives\/"]}]},{"@type":"BreadcrumbList","@id":"https:\/\/mediachrist.net\/index.php\/ressources\/archives\/#breadcrumb","itemListElement":[{"@type":"ListItem","position":1,"name":"Accueil","item":"https:\/\/mediachrist.net\/"},{"@type":"ListItem","position":2,"name":"Ressources","item":"https:\/\/mediachrist.net\/index.php\/ressources\/"},{"@type":"ListItem","position":3,"name":"Archives"}]},{"@type":"WebSite","@id":"https:\/\/mediachrist.net\/#website","url":"https:\/\/mediachrist.net\/","name":"mediachrist","description":"La voix num\u00e9rique du Christ aux nations","publisher":{"@id":"https:\/\/mediachrist.net\/#organization"},"potentialAction":[{"@type":"SearchAction","target":{"@type":"EntryPoint","urlTemplate":"https:\/\/mediachrist.net\/?s={search_term_string}"},"query-input":{"@type":"PropertyValueSpecification","valueRequired":true,"valueName":"search_term_string"}}],"inLanguage":"fr-FR"},{"@type":"Organization","@id":"https:\/\/mediachrist.net\/#organization","name":"L'Heure Luth\u00e9rienne","url":"https:\/\/mediachrist.net\/","logo":{"@type":"ImageObject","inLanguage":"fr-FR","@id":"https:\/\/mediachrist.net\/#\/schema\/logo\/image\/","url":"https:\/\/mediachrist.net\/wp-content\/uploads\/2025\/01\/Logo-512-HL-Couleur.png","contentUrl":"https:\/\/mediachrist.net\/wp-content\/uploads\/2025\/01\/Logo-512-HL-Couleur.png","width":512,"height":512,"caption":"L'Heure Luth\u00e9rienne"},"image":{"@id":"https:\/\/mediachrist.net\/#\/schema\/logo\/image\/"},"sameAs":["https:\/\/www.facebook.com\/profile.php?id=100069111227754","https:\/\/www.youtube.com\/@lheurelutherienne","https:\/\/www.instagram.com\/heure.lutherienne"]}]}},"_links":{"self":[{"href":"https:\/\/mediachrist.net\/index.php\/wp-json\/wp\/v2\/pages\/2035","targetHints":{"allow":["GET"]}}],"collection":[{"href":"https:\/\/mediachrist.net\/index.php\/wp-json\/wp\/v2\/pages"}],"about":[{"href":"https:\/\/mediachrist.net\/index.php\/wp-json\/wp\/v2\/types\/page"}],"author":[{"embeddable":true,"href":"https:\/\/mediachrist.net\/index.php\/wp-json\/wp\/v2\/users\/1"}],"replies":[{"embeddable":true,"href":"https:\/\/mediachrist.net\/index.php\/wp-json\/wp\/v2\/comments?post=2035"}],"version-history":[{"count":19,"href":"https:\/\/mediachrist.net\/index.php\/wp-json\/wp\/v2\/pages\/2035\/revisions"}],"predecessor-version":[{"id":3061,"href":"https:\/\/mediachrist.net\/index.php\/wp-json\/wp\/v2\/pages\/2035\/revisions\/3061"}],"up":[{"embeddable":true,"href":"https:\/\/mediachrist.net\/index.php\/wp-json\/wp\/v2\/pages\/604"}],"wp:attachment":[{"href":"https:\/\/mediachrist.net\/index.php\/wp-json\/wp\/v2\/media?parent=2035"}],"curies":[{"name":"wp","href":"https:\/\/api.w.org\/{rel}","templated":true}]}}